{"id":102,"date":"2026-01-19T22:30:38","date_gmt":"2026-01-19T22:30:38","guid":{"rendered":"https:\/\/arsbaltic.com\/about\/"},"modified":"2026-01-19T22:30:55","modified_gmt":"2026-01-19T22:30:55","slug":"about","status":"publish","type":"page","link":"https:\/\/arsbaltic.com\/eng\/about\/","title":{"rendered":"About"},"content":{"rendered":"<div class=\"wp-block-uagb-container uagb-block-90030810 alignfull uagb-is-root-container\"><div class=\"uagb-container-inner-blocks-wrap\">\n<div class=\"wp-block-uagb-advanced-heading uagb-block-eb69cfac\"><h1 class=\"uagb-heading-text\">ARSV\u00e4line Aiatooted<\/h1><\/div>\n<\/div><\/div>\n\n\n\n<div class=\"wp-block-uagb-container uagb-block-8595fcf5 alignfull uagb-is-root-container\"><div class=\"uagb-container-inner-blocks-wrap\">\n<div class=\"wp-block-uagb-advanced-heading uagb-block-a1318768\"><h2 class=\"uagb-heading-text\">Kvaliteet, Traditsioon ja Innovatsioon<\/h2><\/div>\n\n\n\n<div class=\"wp-block-uagb-container uagb-block-10015650 default uagb-is-root-container\">\n<div class=\"wp-block-uagb-container uagb-block-1e62bf29\">\n<div class=\"wp-block-uagb-image alignleft uagb-block-d89abefd wp-block-uagb-image--layout-default wp-block-uagb-image--effect-static wp-block-uagb-image--align-left\"><figure class=\"wp-block-uagb-image__figure\"><img decoding=\"async\" srcset=\"https:\/\/arsbaltic.com\/wp-content\/uploads\/2026\/01\/pexels-photo-24595772.jpeg ,https:\/\/arsbaltic.com\/wp-content\/uploads\/2026\/01\/pexels-photo-24595772.jpeg 780w, https:\/\/arsbaltic.com\/wp-content\/uploads\/2026\/01\/pexels-photo-24595772.jpeg 360w\" sizes=\"auto, (max-width: 480px) 150px\" src=\"https:\/\/arsbaltic.com\/wp-content\/uploads\/2026\/01\/pexels-photo-24595772.jpeg\" alt=\"A man expertly trims tall hedges with an electric trimmer in a lush, green garden.\" class=\"uag-image-25\" width=\"360\" height=\"440\" title=\"About\" loading=\"lazy\" role=\"img\"><\/figure><\/div>\n<\/div>\n\n\n\n<div class=\"wp-block-uagb-container uagb-block-0d580909\">\n<div class=\"wp-block-uagb-image alignright uagb-block-4099a102 wp-block-uagb-image--layout-default wp-block-uagb-image--effect-static wp-block-uagb-image--align-right\"><figure class=\"wp-block-uagb-image__figure\"><img decoding=\"async\" srcset=\"https:\/\/arsbaltic.com\/wp-content\/uploads\/2026\/01\/pexels-photo-13779225.jpeg ,https:\/\/arsbaltic.com\/wp-content\/uploads\/2026\/01\/pexels-photo-13779225.jpeg 780w, https:\/\/arsbaltic.com\/wp-content\/uploads\/2026\/01\/pexels-photo-13779225.jpeg 360w\" sizes=\"auto, (max-width: 480px) 150px\" src=\"https:\/\/arsbaltic.com\/wp-content\/uploads\/2026\/01\/pexels-photo-13779225.jpeg\" alt=\"A gardener&#039;s hand using pruning shears to trim branches in an autumn garden.\" class=\"uag-image-26\" width=\"800\" height=\"440\" title=\"About\" loading=\"lazy\" role=\"img\"><\/figure><\/div>\n\n\n\n<div class=\"wp-block-uagb-advanced-heading uagb-block-ea0685d9\"><p class=\"uagb-heading-text\">Meie ettev\u00f5tte asutaja on kirglik aednik, kes on p\u00fchendunud parimate v\u00f5imalike t\u00f6\u00f6riistade loomisele, et aidata inimestel saavutada oma aianduse unistusi.<\/p><p class=\"uagb-desc-text\">ARSBaltic on p\u00fchendunud Jaapani kvaliteetsete aiat\u00f6\u00f6riistade ja tarvikute pakkumisele, mis on loodud meeldivaks ja efektiivseks aiat\u00f6\u00f6ks. Meie tooted on valmistatud traditsiooniliste tehnikate ja uusimate innovatsioonide baasil, tagades nende vastupidavuse ja funktsionaalsuse.<\/p><\/div>\n<\/div>\n<\/div>\n<\/div><\/div>\n\n\n\n<div class=\"wp-block-uagb-container uagb-block-97da0e9c alignfull uagb-is-root-container\"><div class=\"uagb-container-inner-blocks-wrap\">\n<div class=\"wp-block-uagb-advanced-heading uagb-block-29d512d7\"><h2 class=\"uagb-heading-text\">Tutvuge Asutajaga<\/h2><p class=\"uagb-desc-text\">ARSBalticu asutaja, Marko Kask, on kogenud aiandushuviline ja ettev\u00f5tja. Tema armastus looduse ja kvaliteetsete t\u00f6\u00f6riistade vastu on viinud teda aianduse valdkonnas tegutsema juba \u00fcle k\u00fcmne aasta.<br><br>Marko alustas oma teekonda, olles kursis Jaapani traditsioonide ja tehnoloogiate erip\u00e4radega, ning soovis tuua need hiilgavad aiatooted Eestisse, et pakkuda kvaliteeti ja pikaealisust, mida iga aednik v\u00e4\u00e4rib.<\/p><\/div>\n\n\n\n<div class=\"wp-block-uagb-image alignright uagb-block-2b7fcaa8 wp-block-uagb-image--layout-default wp-block-uagb-image--effect-static wp-block-uagb-image--align-right\"><figure class=\"wp-block-uagb-image__figure\"><img decoding=\"async\" srcset=\"https:\/\/arsbaltic.com\/wp-content\/uploads\/2023\/08\/founder-skip-01.jpg ,https:\/\/arsbaltic.com\/wp-content\/uploads\/2023\/08\/founder-skip-01.jpg 780w, https:\/\/arsbaltic.com\/wp-content\/uploads\/2023\/08\/founder-skip-01.jpg 360w\" sizes=\"auto, (max-width: 480px) 150px\" src=\"https:\/\/arsbaltic.com\/wp-content\/uploads\/2023\/08\/founder-skip-01.jpg\" alt=\"Founder Skip 01\" class=\"uag-image-53\" width=\"544\" height=\"500\" title=\"About\" loading=\"lazy\" role=\"img\"><\/figure><\/div>\n<\/div><\/div>\n\n\n\n<div class=\"wp-block-uagb-container uagb-block-a8023e04 alignfull uagb-is-root-container\"><div class=\"uagb-container-inner-blocks-wrap\">\n<div class=\"wp-block-uagb-info-box uagb-block-51faea92 uagb-infobox__content-wrap  uagb-infobox-icon-above-title uagb-infobox-image-valign-top\"><div class=\"uagb-ifb-content\"><div class=\"uagb-ifb-title-wrap\"><h2 class=\"uagb-ifb-title\">V\u00f5ta meiega \u00fchendust<\/h2><\/div><p class=\"uagb-ifb-desc\">Liitu uudiskirjaga ja ole esimene, <br>kes kuuleb eripakkumistest ja aianduskoolitustest!<\/p><div class=\"uagb-ifb-button-wrapper wp-block-button\"><a href=\"\/eng\/shop\/\" class=\"uagb-infobox-cta-link ast-outline-button\" target=\"_self\" rel=\"noopener noreferrer\" style=\"border-width:revert-layer\" onclick=\"return true;\"><span class=\"uagb-inline-editing\">Liitun<\/span><\/a><\/div><\/div><\/div>\n<\/div><\/div>","protected":false},"excerpt":{"rendered":"<p>ARSV\u00e4line Aiatooted Kvaliteet, Traditsioon ja Innovatsioon Meie ettev\u00f5tte asutaja on kirglik aednik, kes on p\u00fchendunud parimate v\u00f5imalike t\u00f6\u00f6riistade loomisele, et [&hellip;]<\/p>","protected":false},"author":1,"featured_media":0,"parent":0,"menu_order":0,"comment_status":"closed","ping_status":"closed","template":"","meta":{"_crdt_document":"","_uag_custom_page_level_css":"","site-sidebar-layout":"no-sidebar","site-content-layout":"","ast-site-content-layout":"normal-width-container","site-content-style":"default","site-sidebar-style":"default","ast-global-header-display":"","ast-banner-title-visibility":"disabled","ast-main-header-display":"","ast-hfb-above-header-display":"","ast-hfb-below-header-display":"","ast-hfb-mobile-header-display":"","site-post-title":"","ast-breadcrumbs-content":"","ast-featured-img":"","footer-sml-layout":"","ast-disable-related-posts":"","theme-transparent-header-meta":"enabled","adv-header-id-meta":"","stick-header-meta":"","header-above-stick-meta":"","header-main-stick-meta":"","header-below-stick-meta":"","astra-migrate-meta-layouts":"default","ast-page-background-enabled":"default","ast-page-background-meta":{"desktop":{"background-color":"var(--ast-global-color-5)","background-image":"","background-repeat":"repeat","background-position":"center center","background-size":"auto","background-attachment":"scroll","background-type":"","background-media":"","overlay-type":"","overlay-color":"","overlay-opacity":"","overlay-gradient":""},"tablet":{"background-color":"","background-image":"","background-repeat":"repeat","background-position":"center center","background-size":"auto","background-attachment":"scroll","background-type":"","background-media":"","overlay-type":"","overlay-color":"","overlay-opacity":"","overlay-gradient":""},"mobile":{"background-color":"","background-image":"","background-repeat":"repeat","background-position":"center center","background-size":"auto","background-attachment":"scroll","background-type":"","background-media":"","overlay-type":"","overlay-color":"","overlay-opacity":"","overlay-gradient":""}},"ast-content-background-meta":{"desktop":{"background-color":"var(--ast-global-color-4)","background-image":"","background-repeat":"repeat","background-position":"center center","background-size":"auto","background-attachment":"scroll","background-type":"","background-media":"","overlay-type":"","overlay-color":"","overlay-opacity":"","overlay-gradient":""},"tablet":{"background-color":"var(--ast-global-color-4)","background-image":"","background-repeat":"repeat","background-position":"center center","background-size":"auto","background-attachment":"scroll","background-type":"","background-media":"","overlay-type":"","overlay-color":"","overlay-opacity":"","overlay-gradient":""},"mobile":{"background-color":"var(--ast-global-color-4)","background-image":"","background-repeat":"repeat","background-position":"center center","background-size":"auto","background-attachment":"scroll","background-type":"","background-media":"","overlay-type":"","overlay-color":"","overlay-opacity":"","overlay-gradient":""}},"footnotes":""},"class_list":["post-102","page","type-page","status-publish","hentry"],"uagb_featured_image_src":{"full":false,"thumbnail":false,"medium":false,"medium_large":false,"large":false,"1536x1536":false,"2048x2048":false,"trp-custom-language-flag":false,"woocommerce_thumbnail":false,"woocommerce_single":false,"woocommerce_gallery_thumbnail":false},"uagb_author_info":{"display_name":"SHST","author_link":"https:\/\/arsbaltic.com\/eng\/author\/shst\/"},"uagb_comment_info":0,"uagb_excerpt":"ARSV\u00e4line Aiatooted Kvaliteet, Traditsioon ja Innovatsioon Meie ettev\u00f5tte asutaja on kirglik aednik, kes on p\u00fchendunud parimate v\u00f5imalike t\u00f6\u00f6riistade loomisele, et [&hellip;]","_links":{"self":[{"href":"https:\/\/arsbaltic.com\/eng\/wp-json\/wp\/v2\/pages\/102","targetHints":{"allow":["GET"]}}],"collection":[{"href":"https:\/\/arsbaltic.com\/eng\/wp-json\/wp\/v2\/pages"}],"about":[{"href":"https:\/\/arsbaltic.com\/eng\/wp-json\/wp\/v2\/types\/page"}],"author":[{"embeddable":true,"href":"https:\/\/arsbaltic.com\/eng\/wp-json\/wp\/v2\/users\/1"}],"replies":[{"embeddable":true,"href":"https:\/\/arsbaltic.com\/eng\/wp-json\/wp\/v2\/comments?post=102"}],"version-history":[{"count":3,"href":"https:\/\/arsbaltic.com\/eng\/wp-json\/wp\/v2\/pages\/102\/revisions"}],"predecessor-version":[{"id":715,"href":"https:\/\/arsbaltic.com\/eng\/wp-json\/wp\/v2\/pages\/102\/revisions\/715"}],"wp:attachment":[{"href":"https:\/\/arsbaltic.com\/eng\/wp-json\/wp\/v2\/media?parent=102"}],"curies":[{"name":"wp","href":"https:\/\/api.w.org\/{rel}","templated":true}]}}